{"id":459,"date":"2021-02-07T09:56:35","date_gmt":"2021-02-07T09:56:35","guid":{"rendered":"https:\/\/stumilowylas.edu.pl\/?page_id=459"},"modified":"2024-02-07T21:58:06","modified_gmt":"2024-02-07T21:58:06","slug":"do-pobrania-zlobek-w-maryninie","status":"publish","type":"page","link":"https:\/\/stumilowylas.edu.pl\/index.php\/zlobek\/zlobek-w-maryninie-nowa-placowka\/do-pobrania-zlobek-w-maryninie\/","title":{"rendered":"Do pobrania | \u017c\u0142obek w Maryninie"},"content":{"rendered":"<div class='grid_row clearfix'><div class='grid_col grid_col_4'><div class='ce clearfix'><div  class='cws_callout'><div class='content_section'><div class='callout_title'><div class=\"bees bees-end\"><span><\/span><\/div>Kwestionariusz osobowy<\/div><div class='separate'><\/div><div class='callout_text'>\n<p>Kwestionariusz w formie ankiety,&nbsp; zbieramy wy\u0142\u0105cznie niezb\u0119dne dane potrzebne do opieki.<\/p>\n<\/div><\/div><div class='button_section'><a href='https:\/\/stumilowylas.edu.pl\/wp-content\/uploads\/2021\/02\/Kwesionariusz_SLM_21.pdf' class='cws_button xlarge' >Pobierz<div class='button-shadow'><\/div><\/a><\/div><\/div><\/div><\/div><div class='grid_col grid_col_4'><div class='ce clearfix'><div  class='cws_callout'><div class='content_section'><div class='callout_title'><div class=\"bees bees-end\"><span><\/span><\/div>Wz\u00f3r umowy<\/div><div class='separate'><\/div><div class='callout_text'>\n<p>Przed nawi\u0105zaniem wsp\u00f3\u0142pracy Rodzice mog\u0105 na spokojnie zapozna\u0107 si\u0119 z tre\u015bci\u0105 umowy.<\/p>\n<\/div><\/div><div class='button_section'><a href='https:\/\/stumilowylas.edu.pl\/wp-content\/uploads\/2024\/02\/Umowa_SLM_24.pdf' class='cws_button xlarge' >Pobierz<div class='button-shadow'><\/div><\/a><\/div><\/div><\/div><\/div><div class='grid_col grid_col_4'><div class='ce clearfix'><div  class='cws_callout'><div class='content_section'><div class='callout_title'><div class=\"bees bees-end\"><span><\/span><\/div>Upowa\u017cnienie do odbioru<\/div><div class='separate'><\/div><div class='callout_text'>\n<p>Wz\u00f3r dokumentu upowa\u017cniaj\u0105cego do odbioru dziecka dla osoby trzeciej.<\/p>\n<\/div><\/div><div class='button_section'><a href='https:\/\/stumilowylas.edu.pl\/wp-content\/uploads\/2021\/02\/Upowaznienie_SLM_21.pdf' class='cws_button xlarge' >Pobierz<div class='button-shadow'><\/div><\/a><\/div><\/div><\/div><\/div><\/div>\n","protected":false},"excerpt":{"rendered":"","protected":false},"author":1,"featured_media":0,"parent":438,"menu_order":0,"comment_status":"closed","ping_status":"closed","template":"","meta":{"footnotes":""},"class_list":["post-459","page","type-page","status-publish","hentry"],"_links":{"self":[{"href":"https:\/\/stumilowylas.edu.pl\/index.php\/wp-json\/wp\/v2\/pages\/459","targetHints":{"allow":["GET"]}}],"collection":[{"href":"https:\/\/stumilowylas.edu.pl\/index.php\/wp-json\/wp\/v2\/pages"}],"about":[{"href":"https:\/\/stumilowylas.edu.pl\/index.php\/wp-json\/wp\/v2\/types\/page"}],"author":[{"embeddable":true,"href":"https:\/\/stumilowylas.edu.pl\/index.php\/wp-json\/wp\/v2\/users\/1"}],"replies":[{"embeddable":true,"href":"https:\/\/stumilowylas.edu.pl\/index.php\/wp-json\/wp\/v2\/comments?post=459"}],"version-history":[{"count":5,"href":"https:\/\/stumilowylas.edu.pl\/index.php\/wp-json\/wp\/v2\/pages\/459\/revisions"}],"predecessor-version":[{"id":725,"href":"https:\/\/stumilowylas.edu.pl\/index.php\/wp-json\/wp\/v2\/pages\/459\/revisions\/725"}],"up":[{"embeddable":true,"href":"https:\/\/stumilowylas.edu.pl\/index.php\/wp-json\/wp\/v2\/pages\/438"}],"wp:attachment":[{"href":"https:\/\/stumilowylas.edu.pl\/index.php\/wp-json\/wp\/v2\/media?parent=459"}],"curies":[{"name":"wp","href":"https:\/\/api.w.org\/{rel}","templated":true}]}}