{"id":450,"date":"2021-02-07T09:50:36","date_gmt":"2021-02-07T09:50:36","guid":{"rendered":"https:\/\/stumilowylas.edu.pl\/?page_id=450"},"modified":"2021-02-07T11:43:22","modified_gmt":"2021-02-07T11:43:22","slug":"wyprawka","status":"publish","type":"page","link":"https:\/\/stumilowylas.edu.pl\/index.php\/zlobek\/zlobek-w-maryninie-nowa-placowka\/wyprawka\/","title":{"rendered":"Wyprawka | \u017c\u0142obek w Maryninie"},"content":{"rendered":"<div class='grid_row clearfix'><div class='grid_col grid_col_6'><div class='ce clearfix'><div class='cws_ce_content ce_tabs'><div class='tabs clearfix'><div class='tab active' role='tab' tabindex='0'><span>Co Rodzice powinni dostarczy\u0107 do \u017c\u0142obka<\/span><\/div><\/div><div class='tab_items'><div class='tab_item' role='tabpanel' tabindex='0'>\n<ul>\n<li>3 komplety ubranek na zmian\u0119 (body,rajstopki, spodnie, bluzeczka, skarpetki)<\/li>\n<li>pieluchy<\/li>\n<li>krem lub zasypka do piel\u0119gnacji sk\u00f3ry dziecka<\/li>\n<li>krem z filtrem przeciws\u0142onecznym<\/li>\n<li>nawil\u017cane chusteczki dla dzieci i niemowl\u0105t<\/li>\n<li>w\u00f3zek na plac zabaw dla dzieci niechodz\u0105cych<\/li>\n<li>szczoteczk\u0119 i past\u0119 do z\u0119b\u00f3w<\/li>\n<li>\u015bliniak silikonowy<\/li>\n<li>po\u015bciel<\/li>\n<\/ul>\n<\/div><\/div><\/div><\/div><\/div><div class='grid_col grid_col_6'><div class='ce clearfix'><div class='cws_ce_content ce_tabs'><div class='tabs clearfix'><div class='tab active' role='tab' tabindex='0'><span>Zapewniamy<\/span><\/div><\/div><div class='tab_items'><div class='tab_item' role='tabpanel' tabindex='0'>\n<ul>\n<li>\u0142\u00f3\u017ceczko<\/li>\n<li>naczynia (zastawa sto\u0142owa, kubeczki, sztu\u0107ce)<\/li>\n<li>nocniczek<\/li>\n<li>szafk\u0119 do przechowywania ubranek i wyposa\u017cenia<\/li>\n<\/ul>\n<\/div><\/div><\/div><\/div><\/div><\/div><div class='grid_row clearfix'><div class='grid_col grid_col_12'><\/div><\/div>\n","protected":false},"excerpt":{"rendered":"","protected":false},"author":1,"featured_media":0,"parent":438,"menu_order":0,"comment_status":"closed","ping_status":"closed","template":"","meta":{"footnotes":""},"class_list":["post-450","page","type-page","status-publish","hentry"],"_links":{"self":[{"href":"https:\/\/stumilowylas.edu.pl\/index.php\/wp-json\/wp\/v2\/pages\/450","targetHints":{"allow":["GET"]}}],"collection":[{"href":"https:\/\/stumilowylas.edu.pl\/index.php\/wp-json\/wp\/v2\/pages"}],"about":[{"href":"https:\/\/stumilowylas.edu.pl\/index.php\/wp-json\/wp\/v2\/types\/page"}],"author":[{"embeddable":true,"href":"https:\/\/stumilowylas.edu.pl\/index.php\/wp-json\/wp\/v2\/users\/1"}],"replies":[{"embeddable":true,"href":"https:\/\/stumilowylas.edu.pl\/index.php\/wp-json\/wp\/v2\/comments?post=450"}],"version-history":[{"count":3,"href":"https:\/\/stumilowylas.edu.pl\/index.php\/wp-json\/wp\/v2\/pages\/450\/revisions"}],"predecessor-version":[{"id":534,"href":"https:\/\/stumilowylas.edu.pl\/index.php\/wp-json\/wp\/v2\/pages\/450\/revisions\/534"}],"up":[{"embeddable":true,"href":"https:\/\/stumilowylas.edu.pl\/index.php\/wp-json\/wp\/v2\/pages\/438"}],"wp:attachment":[{"href":"https:\/\/stumilowylas.edu.pl\/index.php\/wp-json\/wp\/v2\/media?parent=450"}],"curies":[{"name":"wp","href":"https:\/\/api.w.org\/{rel}","templated":true}]}}