{"id":448,"date":"2021-02-07T09:50:01","date_gmt":"2021-02-07T09:50:01","guid":{"rendered":"https:\/\/stumilowylas.edu.pl\/?page_id=448"},"modified":"2021-02-07T11:42:43","modified_gmt":"2021-02-07T11:42:43","slug":"plan-dnia","status":"publish","type":"page","link":"https:\/\/stumilowylas.edu.pl\/index.php\/zlobek\/zlobek-w-maryninie-nowa-placowka\/plan-dnia\/","title":{"rendered":"Plan dnia | \u017c\u0142obek w Maryninie"},"content":{"rendered":"<div class='grid_row clearfix'><div class='grid_col grid_col_12'><div class='ce clearfix'><div  class='cws_callout'><div class='content_section'><div class='callout_title'><div class=\"bees bees-end\"><span><\/span><\/div>Plan dnia<\/div><\/div><\/div><\/div><\/div><\/div><div class='grid_row clearfix'><div class='grid_col grid_col_6'><div class='ce clearfix'><h3 class=\"ce_title\"><div>07.00 \u2013 08.45<\/div><\/h3><div>\n<p>Przyjmowanie Dzieci, zabawy indywidualne i zespo\u0142owe<\/p>\n<\/div><\/div><div class='ce clearfix'><h3 class=\"ce_title\"><div>08.45 \u2013 09.00<\/div><\/h3><div>\n<p>Przygotowanie do \u015bniadania<\/p>\n<\/div><\/div><div class='ce clearfix'><h3 class=\"ce_title\"><div>09.00 \u2013 09.30<\/div><\/h3><div>\n<p>\u015aniadanie<\/p>\n<\/div><\/div><div class='ce clearfix'><h3 class=\"ce_title\"><div>09.30 \u2013 10.15<\/div><\/h3><div>\n<p>Zale\u017cnie od tematu dnia zabawy dydaktyczne, zabawy przy muzyce, zabawy ruchowe, taneczne, zaj\u0119cia plastyczne<\/p>\n<\/div><\/div><div class='ce clearfix'><h3 class=\"ce_title\"><div>10.15 \u2013 11.15<\/div><\/h3><div>\n<p>Zabawy indywidualne, spontaniczne wyj\u015bcie na dw\u00f3r<\/p>\n<\/div><\/div>\n<div class='ce clearfix'><h3 class=\"ce_title\"><div>11.15 \u2013 11.30<\/div><\/h3><div>\n<p>Przygotowanie do obiadu<\/p>\n<\/div><\/div>\n<div class='ce clearfix'><h3 class=\"ce_title\"><div>11.30 \u2013 12.00<\/div><\/h3><div>\n<p>Obiad I danie<\/p>\n<\/div><\/div><\/div><div class='grid_col grid_col_6'><div class='ce clearfix'><h3 class=\"ce_title\"><div>12.00 \u2013 14.00<\/div><\/h3><div>\n<p>Odpoczynek<\/p>\n<\/div><\/div><div class='ce clearfix'><h3 class=\"ce_title\"><div>14.00 \u2013 14.30<\/div><\/h3><div>\n<p>Obiad II danie<\/p>\n<\/div><\/div><div class='ce clearfix'><h3 class=\"ce_title\"><div>14.30 \u2013 15.45<\/div><\/h3><div>\n<p>Zabawy grupowe i indywidualne<\/p>\n<\/div><\/div><div class='ce clearfix'><h3 class=\"ce_title\"><div>15.45 - 16.00<\/div><\/h3><div>\n<p>Przygotowanie do posi\u0142ku<\/p>\n<\/div><\/div><div class='ce clearfix'><h3 class=\"ce_title\"><div>16.00 - 16.15<\/div><\/h3><div>\n<p>Podwieczorek<\/p>\n<\/div><\/div><div class='ce clearfix'><h3 class=\"ce_title\"><div>16.15 - 18.00<\/div><\/h3><div>\n<p>Zabawy swobodne, zaj\u0119cia piel\u0119gnacyjne<\/p>\n<\/div><\/div><\/div><\/div><div class='grid_row clearfix'><div class='grid_col grid_col_12'><div class='ce clearfix'><div  class='cws_callout'><div class='content_section'><div class='callout_title'><div class=\"bees bees-end\"><span><\/span><\/div>Zaj\u0119cia na \u015bwie\u017cym powietrzu<\/div><div class='separate'><\/div><div class='callout_text'>\n<p>W warunkach sprzyjaj\u0105cej pogody wi\u0119kszo\u015b\u0107 zaj\u0119\u0107 przeprowadzane s\u0105 na \u015bwie\u017cym powietrzu. W okresie jesienno-zimowym zwracamy szczeg\u00f3ln\u0105 uwag\u0119 na stan zanieczyszczenia powietrza. W trosce o zdrowie maluch\u00f3w ograniczamy aktywno\u015b\u0107 podczas przekroczenia norm.<br \/>\nOdpoczynek we wszystkich grupach nie ma limitu czasowego. U nas Dzieci \u015bpi\u0105 tyle czasu ile potrzebuj\u0105. Dzieci wyspane to dzieci szcz\u0119\u015bliwe.<\/p>\n<\/div><\/div><\/div><\/div><\/div><\/div>\n","protected":false},"excerpt":{"rendered":"","protected":false},"author":1,"featured_media":0,"parent":438,"menu_order":0,"comment_status":"closed","ping_status":"closed","template":"","meta":{"footnotes":""},"class_list":["post-448","page","type-page","status-publish","hentry"],"_links":{"self":[{"href":"https:\/\/stumilowylas.edu.pl\/index.php\/wp-json\/wp\/v2\/pages\/448","targetHints":{"allow":["GET"]}}],"collection":[{"href":"https:\/\/stumilowylas.edu.pl\/index.php\/wp-json\/wp\/v2\/pages"}],"about":[{"href":"https:\/\/stumilowylas.edu.pl\/index.php\/wp-json\/wp\/v2\/types\/page"}],"author":[{"embeddable":true,"href":"https:\/\/stumilowylas.edu.pl\/index.php\/wp-json\/wp\/v2\/users\/1"}],"replies":[{"embeddable":true,"href":"https:\/\/stumilowylas.edu.pl\/index.php\/wp-json\/wp\/v2\/comments?post=448"}],"version-history":[{"count":4,"href":"https:\/\/stumilowylas.edu.pl\/index.php\/wp-json\/wp\/v2\/pages\/448\/revisions"}],"predecessor-version":[{"id":533,"href":"https:\/\/stumilowylas.edu.pl\/index.php\/wp-json\/wp\/v2\/pages\/448\/revisions\/533"}],"up":[{"embeddable":true,"href":"https:\/\/stumilowylas.edu.pl\/index.php\/wp-json\/wp\/v2\/pages\/438"}],"wp:attachment":[{"href":"https:\/\/stumilowylas.edu.pl\/index.php\/wp-json\/wp\/v2\/media?parent=448"}],"curies":[{"name":"wp","href":"https:\/\/api.w.org\/{rel}","templated":true}]}}