{"id":433,"date":"2021-02-07T09:44:42","date_gmt":"2021-02-07T09:44:42","guid":{"rendered":"https:\/\/stumilowylas.edu.pl\/?page_id=433"},"modified":"2025-02-02T09:45:55","modified_gmt":"2025-02-02T09:45:55","slug":"cennik-zlobek-w-jozefoslawiu","status":"publish","type":"page","link":"https:\/\/stumilowylas.edu.pl\/index.php\/zlobek\/cennik-zlobek-w-jozefoslawiu\/","title":{"rendered":"\u017b\u0142obek w J\u00f3zefos\u0142awiu"},"content":{"rendered":"<div class='grid_row eq_cols'><div class='grid_col grid_col_6 pricing_table_column'><div><div class='top_section'><div class='title_section'>Pe\u0142ny wymiar<\/div><div class='price_section'><div class='price_container'><span class='currency'>z\u0142<\/span><span class='main_price_part'>2200<\/span><span class='price_details'><span class='price_description'><span>m-c<\/span><\/span><\/span><\/div><\/div><\/div><div class='desc_section'>\n<p id=\"yui_3_18_1_1_1539857215862_724\">+ 16,50 z\u0142 dziennie stawki \u017cywieniowej<\/p>\n<p>op\u0142ata administracyjna 500 z\u0142<\/p>\n<\/div><\/div><div><div class='btn_section'><a class='cws_button' href='#'>Wybieram<div class='hover-btn'><\/div><div class='button-shadow'><\/div><\/a><\/div><\/div><\/div><div class='grid_col grid_col_6 pricing_table_column'><div><div class='top_section'><div class='title_section'>1\/2 <\/div><div class='encouragement'>do 100h miesi\u0119cznie<\/div><div class='separate'><\/div><div class='price_section'><div class='price_container'><span class='currency'>z\u0142<\/span><span class='main_price_part'>2000<\/span><span class='price_details'><span class='price_description'><span>m-c<\/span><\/span><\/span><\/div><\/div><\/div><div class='desc_section'>\n<p id=\"yui_3_18_1_1_1539857215862_724\">+ 14,5 z\u0142 dziennie stawki \u017cywieniowej<\/p>\n<p>op\u0142ata administracyjna 500 z\u0142<\/p>\n<\/div><\/div><div><div class='btn_section'><a class='cws_button' href='#'>Wybieram<div class='hover-btn'><\/div><div class='button-shadow'><\/div><\/a><\/div><\/div><\/div><\/div><div class='grid_row clearfix'><div class='grid_col grid_col_12'><\/div><\/div><div class='grid_row clearfix'><div class='grid_col grid_col_4'><div class='ce clearfix'><h3 class=\"ce_title\"><div>Komfortowe warunki, dobra lokalizacja<\/div><\/h3><div>przy ul. Wilanowskiej 15G w J\u00f3zefos\u0142awiu. Dla Rodzic\u00f3w dost\u0119pny jest wygodny prywatny parking. .<br \/><\/div><\/div><\/div><div class='grid_col grid_col_8'><div class='ce clearfix'><div>\n<div id=\"flxmap-69d64d5a9aaf8\" class='flxmap-container' data-flxmap='flxmap_69d64d5a9aaf8' style=\"width:100%;height:400px;\"><\/div>\n<div id='flxmap-69d64d5a9aaf8-dir' class='flxmap-directions'><\/div>\n<script data-noptimize=\"1\">\n\/* <![CDATA[ *\/\n(function(w, fn) {\n if (w.addEventListener) w.addEventListener(\"DOMContentLoaded\", fn, false);\n else if (w.attachEvent) w.attachEvent(\"onload\", fn);\n})(window, function() {\n var f = new FlexibleMap();\n f.markerDirections = true;\n f.markerDirectionsDiv = \"flxmap-69d64d5a9aaf8-dir\";\n f.setlocale(\"pl-PL\");\n f.markerTitle = \"Stumilowy Las\";\n f.markerDescription = \"\u017b\u0142obek\";\n f.showAddress(\"flxmap-69d64d5a9aaf8\", \"Wilanowska 15G, J\u00f3zefos\u0142aw, Polska\");\n window.flxmap_69d64d5a9aaf8 = f;\n});\n\/* ]]> *\/\n<\/script>\n\n<\/div><\/div><\/div><\/div><div class='grid_row clearfix'><div class='grid_col grid_col_12'><\/div><\/div><div class='grid_row clearfix'><div class='grid_col grid_col_4'><div data-wow-duration='3s' data-wow-delay='5s' data-wow-offset='10' data-wow-iteration='3' class='ce clearfix wow swing'><div  class='cws_callout customized' style='color:#ffffff;background-color:#26b4d7;background-image:url(https:\/\/stumilowylas.edu.pl\/wp-content\/uploads\/revslider\/babysitter\/dots-pattern.png);'><div class='content_section'><div class='callout_title' style='color:#ffffff;'><div class=\"bees bees-end\"><span><\/span><\/div>Zapisy<\/div><div class='separate' style='background-color:#fec20b'><\/div><div class='callout_text'>\n<p>Zadzwo\u0144, zapytaj, zapraszamy!<\/p>\n<\/div><\/div><div class='button_section'><a href='#' class='cws_button xlarge customized' data-bg_color='#fec20b' data-bg_hover_color='#fd8e00' text_color='#ffffff' >692 253 423 lub 603 444 974<div class='button-shadow'><\/div><\/a><\/div><\/div><\/div><\/div><div class='grid_col grid_col_8'><div class='ce clearfix'><h3 class=\"ce_title\"><div>Rekrutacja trwa ca\u0142y rok<\/div><\/h3><div>\n<p>Zapraszamy do naszego \u017c\u0142obka, rekrutacja trwa ca\u0142y rok! Zapisy pod nr telefonu 692 253 423 lub 603 444 974, zadzwo\u0144, zapytaj, uzgodnimy termin wizyty.<\/p>\n<\/div><\/div><\/div><\/div>\n","protected":false},"excerpt":{"rendered":"","protected":false},"author":1,"featured_media":0,"parent":7,"menu_order":0,"comment_status":"closed","ping_status":"closed","template":"","meta":{"footnotes":""},"class_list":["post-433","page","type-page","status-publish","hentry"],"_links":{"self":[{"href":"https:\/\/stumilowylas.edu.pl\/index.php\/wp-json\/wp\/v2\/pages\/433","targetHints":{"allow":["GET"]}}],"collection":[{"href":"https:\/\/stumilowylas.edu.pl\/index.php\/wp-json\/wp\/v2\/pages"}],"about":[{"href":"https:\/\/stumilowylas.edu.pl\/index.php\/wp-json\/wp\/v2\/types\/page"}],"author":[{"embeddable":true,"href":"https:\/\/stumilowylas.edu.pl\/index.php\/wp-json\/wp\/v2\/users\/1"}],"replies":[{"embeddable":true,"href":"https:\/\/stumilowylas.edu.pl\/index.php\/wp-json\/wp\/v2\/comments?post=433"}],"version-history":[{"count":23,"href":"https:\/\/stumilowylas.edu.pl\/index.php\/wp-json\/wp\/v2\/pages\/433\/revisions"}],"predecessor-version":[{"id":730,"href":"https:\/\/stumilowylas.edu.pl\/index.php\/wp-json\/wp\/v2\/pages\/433\/revisions\/730"}],"up":[{"embeddable":true,"href":"https:\/\/stumilowylas.edu.pl\/index.php\/wp-json\/wp\/v2\/pages\/7"}],"wp:attachment":[{"href":"https:\/\/stumilowylas.edu.pl\/index.php\/wp-json\/wp\/v2\/media?parent=433"}],"curies":[{"name":"wp","href":"https:\/\/api.w.org\/{rel}","templated":true}]}}