{"id":385,"date":"2020-01-19T17:30:01","date_gmt":"2020-01-19T17:30:01","guid":{"rendered":"https:\/\/stumilowylas.edu.pl\/?page_id=385"},"modified":"2020-01-19T17:32:34","modified_gmt":"2020-01-19T17:32:34","slug":"oferta-edukacyjna","status":"publish","type":"page","link":"https:\/\/stumilowylas.edu.pl\/index.php\/przedszkole\/oferta-edukacyjna\/","title":{"rendered":"Oferta edukacyjna"},"content":{"rendered":"<div class='grid_row clearfix'><div class='grid_col grid_col_12'><div class='ce clearfix'><div>\n<p>W Stumilowym Lesie realizujemy program wychowania przedszkolnego zatwierdzony przez MEN.<br \/>\nZapewniamy dzieciom wszechstronny rozw\u00f3j, poprzez stwarzanie r\u00f3\u017cnorodnych sytuacji edukacyjnych. Dzieci chc\u0105 si\u0119 dowiadywa\u0107 r\u00f3\u017cnych nowych rzeczy, s\u0105 ciekawe \u015bwiata, staramy si\u0119 wi\u0119c umiej\u0119tnie wyzwala\u0107 ich zainteresowania. S\u0142u\u017cy\u0107 temu maj\u0105 min. prowadzone przez nas ciekawe, aktywizuj\u0105ce my\u015blenie dziecka zabawy oraz zaj\u0119cia dydaktyczne.<br \/>\nPracujemy w oparciu o nowoczesne metody dydaktyczne, proponujemy bogat\u0105 ofert\u0119 bezp\u0142atnych zaj\u0119\u0107 dodatkowych oraz imprez okoliczno\u015bciowych i uroczysto\u015bci przedszkolnych.<\/p>\n<div class='grid_row clearfix'><\/div><div class='grid_col grid_col_12'><\/div><div class='ce clearfix'><div  class='cws_callout'><div class='content_section'><div class='callout_title'><div class=\"bees bees-end\"><span><\/span><\/div>Zaj\u0119cia w ramach czesnego<\/div><\/div><\/div><\/div>\n<ul>\n<li>j\u0119zyk angielski 2x w tygodniu<\/li>\n<li>gimnastyka og\u00f3lnorozwojowa<\/li>\n<li>warsztaty teatralne,<\/li>\n<li>logopedia grupowa<\/li>\n<li>warsztaty ceramiczne<br \/>\n<\/div><\/div><\/div><\/div>\n<div class='grid_row clearfix'><div class='grid_col grid_col_12'><div class='ce clearfix'><div  class='cws_callout'><div class='content_section'><div class='callout_title'><div class=\"bees bees-end\"><span><\/span><\/div>Zaj\u0119cia dodatkowo p\u0142atne<\/div><div class='separate'><\/div><div class='callout_text'>\n<\/div><\/div><\/div><\/div><\/div><\/div><\/li>\n<li>Judo przyczynia si\u0119 do harmonijnego rozwoju, przekonuje \u017ce nie liczy si\u0119 g\u0142\u00f3wnie si\u0142a i masa cia\u0142a, ale szybko\u015b\u0107 i zr\u0119czno\u015b\u0107. Jest sportem, kt\u00f3ry kszta\u0142tuje szybko\u015b\u0107, zwinno\u015b\u0107, zr\u0119czno\u015b\u0107, si\u0142\u0119, wytrzyma\u0142o\u015b\u0107, a tak\u017ce spostrzegawczo\u015b\u0107, odwag\u0119, opanowanie, odporno\u015b\u0107.<\/li>\n<li>Planeta Sportu to zaj\u0119cia og\u00f3lnorozwojowe z elementami r\u00f3\u017cnych sport\u00f3w, dzi\u0119ki temu ka\u017cdy przedszkolak ma okazje zapozna\u0107 si\u0119 z r\u00f3\u017cnymi aktywno\u015bciami, a instruktor szybko wychwyci\u0107 w jakich obszarach mo\u017cna wspom\u00f3c dziecko.<br \/>\nZaj\u0119cia przede wszystkim wspomagaj\u0105 koordynacje ruchow\u0105, s\u0105 m.in. elementy korektywy, \u0107wiczenie r\u00f3wnowagi, gibko\u015bci, nabierania nawyk\u00f3w poprawno\u015bci wykonywanych \u0107wicze\u0144. Jest du\u017co aktywno\u015bci z zakresu motoryki oraz ze sprz\u0119tem gimnastycznym lub sensorycznym. \u0106wiczenia indywidualne s\u0105 przeplatane aktywno\u015bciami zespo\u0142owymi \u2013 np. tory przeszk\u00f3d, przewroty, mini rozgrywki. Indywidualne podej\u015bcie instruktora do ka\u017cdego dziecka pozwala by w przysz\u0142o\u015bci uprawianie sport\u00f3w by\u0142o obci\u0105\u017cone mniejszym ryzykiem kontuzji.<\/li>\n<\/ul>\n","protected":false},"excerpt":{"rendered":"<p>Judo przyczynia si\u0119 do harmonijnego rozwoju, przekonuje \u017ce nie liczy si\u0119 g\u0142\u00f3wnie si\u0142a i masa cia\u0142a, ale szybko\u015b\u0107 i zr\u0119czno\u015b\u0107. Jest sportem, kt\u00f3ry kszta\u0142tuje szybko\u015b\u0107, zwinno\u015b\u0107, zr\u0119czno\u015b\u0107, si\u0142\u0119, wytrzyma\u0142o\u015b\u0107, a tak\u017ce spostrzegawczo\u015b\u0107, odwag\u0119, opanowanie, odporno\u015b\u0107. Planeta Sportu to zaj\u0119cia og\u00f3lnorozwojowe z elementami r\u00f3\u017cnych sport\u00f3w, dzi\u0119ki temu ka\u017cdy przedszkolak ma okazje zapozna\u0107 si\u0119 z r\u00f3\u017cnymi aktywno\u015bciami, a instruktor szybko wychwyci\u0107 w jakich obszarach mo\u017cna wspom\u00f3c dziecko. Zaj\u0119cia przede wszystkim wspomagaj\u0105 koordynacje ruchow\u0105, s\u0105 m.in. elementy korektywy, \u0107wiczenie r\u00f3wnowagi, gibko\u015bci, nabierania nawyk\u00f3w poprawno\u015bci wykonywanych \u0107wicze\u0144. Jest du\u017co aktywno\u015bci z zakresu motoryki oraz ze sprz\u0119tem gimnastycznym lub sensorycznym. \u0106wiczenia indywidualne s\u0105 przeplatane aktywno\u015bciami zespo\u0142owymi \u2013 np. tory przeszk\u00f3d, przewroty, mini rozgrywki. Indywidualne podej\u015bcie instruktora do ka\u017cdego dziecka pozwala by w przysz\u0142o\u015bci uprawianie sport\u00f3w by\u0142o obci\u0105\u017cone mniejszym ryzykiem kontuzji.<\/p>\n","protected":false},"author":1,"featured_media":0,"parent":14,"menu_order":0,"comment_status":"closed","ping_status":"closed","template":"","meta":{"footnotes":""},"class_list":["post-385","page","type-page","status-publish","hentry"],"_links":{"self":[{"href":"https:\/\/stumilowylas.edu.pl\/index.php\/wp-json\/wp\/v2\/pages\/385","targetHints":{"allow":["GET"]}}],"collection":[{"href":"https:\/\/stumilowylas.edu.pl\/index.php\/wp-json\/wp\/v2\/pages"}],"about":[{"href":"https:\/\/stumilowylas.edu.pl\/index.php\/wp-json\/wp\/v2\/types\/page"}],"author":[{"embeddable":true,"href":"https:\/\/stumilowylas.edu.pl\/index.php\/wp-json\/wp\/v2\/users\/1"}],"replies":[{"embeddable":true,"href":"https:\/\/stumilowylas.edu.pl\/index.php\/wp-json\/wp\/v2\/comments?post=385"}],"version-history":[{"count":11,"href":"https:\/\/stumilowylas.edu.pl\/index.php\/wp-json\/wp\/v2\/pages\/385\/revisions"}],"predecessor-version":[{"id":398,"href":"https:\/\/stumilowylas.edu.pl\/index.php\/wp-json\/wp\/v2\/pages\/385\/revisions\/398"}],"up":[{"embeddable":true,"href":"https:\/\/stumilowylas.edu.pl\/index.php\/wp-json\/wp\/v2\/pages\/14"}],"wp:attachment":[{"href":"https:\/\/stumilowylas.edu.pl\/index.php\/wp-json\/wp\/v2\/media?parent=385"}],"curies":[{"name":"wp","href":"https:\/\/api.w.org\/{rel}","templated":true}]}}