{"id":32,"date":"2018-10-18T12:14:28","date_gmt":"2018-10-18T12:14:28","guid":{"rendered":"https:\/\/stumilowylas.edu.pl\/?page_id=32"},"modified":"2021-02-07T09:58:13","modified_gmt":"2021-02-07T09:58:13","slug":"kadra-i-organizacja","status":"publish","type":"page","link":"https:\/\/stumilowylas.edu.pl\/index.php\/zlobek\/cennik-zlobek-w-jozefoslawiu\/kadra-i-organizacja\/","title":{"rendered":"Kadra i organizacja | \u017c\u0142obek w J\u00f3zefos\u0142awiu"},"content":{"rendered":"<div class='grid_row clearfix'><div class='grid_col grid_col_8'><div class='ce clearfix'><div>\n<p>Opiek\u0119 nad dzie\u0107mi w naszym \u017c\u0142obku sprawuj\u0105 do\u015bwiadczone opiekunki z wykszta\u0142ceniem pedagogicznym, wieloma kursami doszkalaj\u0105cymi a tak\u017ce z praktyk\u0105 w opiece nad dzie\u0107mi.&nbsp;Nasze opiekunki r\u00f3wnie\u017c s\u0105 mamami. Mamy zatem nie tylko do\u015bwiadczenie akademickie i zawodowe, ale tak\u017ce to najwa\u017cniejsze- ka\u017cdego dnia do\u015bwiadczamy mi\u0142o\u015bci i troski o w\u0142asne dzieci. Maj\u0105 nasze zaufanie- nasze dzieci r\u00f3wnie\u017c s\u0105 pod ich opiek\u0105.&nbsp;Znaj\u0105 doskonale potrzeby najm\u0142odszych, praca z dzie\u0107mi to dla nich przyjemno\u015b\u0107, s\u0105 obowi\u0105zkowe, ciep\u0142e, maj\u0105 wspania\u0142e pomys\u0142y jak rozbawi\u0107 dzieciaki, rozwija\u0107 ich&nbsp;wyobra\u017ani\u0119 i umiej\u0119tno\u015bci oraz jak rozwiewa\u0107 dzieci\u0119ce smutki i t\u0119sknoty.&nbsp;Maj\u0105 najwy\u017csze kompetencje, aby prowadzi\u0107 z dzie\u0107mi zaj\u0119cia dydaktyczne i og\u00f3lnorozwojowe.<\/p>\n<p>Naszym zadaniem jest dbanie o w\u0142a\u015bciwy rozw\u00f3j dzieci. Zadanie to mo\u017cemy realizowa\u0107 jedynie poprzez wsp\u00f3\u0142prac\u0119 z rodzicami, poniewa\u017c zar\u00f3wno zasady wychowawcze, jak i metody wspomagania rozwoju musz\u0105 by\u0107 wynikiem porozumienia obu stron i wsp\u00f3lnego zaanga\u017cowania.&nbsp;Dlatego w naszej plac\u00f3wce rodzice zawsze otrzymuj\u0105 wszystkie niezb\u0119dne informacje o tym jak dziecko funkcjonowa\u0142o ka\u017cdego dnia, wsparcie w wychowaniu dziecka, informacje zwrotne i pomoc specjalist\u00f3w w przypadku pojawiaj\u0105cych si\u0119 u dziecka problem\u00f3w wychowawczych b\u0105d\u017a rozwojowych.<\/p>\n<\/div><\/div><\/div><div class='grid_col grid_col_4'><\/div><\/div>\n","protected":false},"excerpt":{"rendered":"","protected":false},"author":1,"featured_media":0,"parent":433,"menu_order":0,"comment_status":"closed","ping_status":"closed","template":"","meta":{"footnotes":""},"class_list":["post-32","page","type-page","status-publish","hentry"],"_links":{"self":[{"href":"https:\/\/stumilowylas.edu.pl\/index.php\/wp-json\/wp\/v2\/pages\/32","targetHints":{"allow":["GET"]}}],"collection":[{"href":"https:\/\/stumilowylas.edu.pl\/index.php\/wp-json\/wp\/v2\/pages"}],"about":[{"href":"https:\/\/stumilowylas.edu.pl\/index.php\/wp-json\/wp\/v2\/types\/page"}],"author":[{"embeddable":true,"href":"https:\/\/stumilowylas.edu.pl\/index.php\/wp-json\/wp\/v2\/users\/1"}],"replies":[{"embeddable":true,"href":"https:\/\/stumilowylas.edu.pl\/index.php\/wp-json\/wp\/v2\/comments?post=32"}],"version-history":[{"count":9,"href":"https:\/\/stumilowylas.edu.pl\/index.php\/wp-json\/wp\/v2\/pages\/32\/revisions"}],"predecessor-version":[{"id":465,"href":"https:\/\/stumilowylas.edu.pl\/index.php\/wp-json\/wp\/v2\/pages\/32\/revisions\/465"}],"up":[{"embeddable":true,"href":"https:\/\/stumilowylas.edu.pl\/index.php\/wp-json\/wp\/v2\/pages\/433"}],"wp:attachment":[{"href":"https:\/\/stumilowylas.edu.pl\/index.php\/wp-json\/wp\/v2\/media?parent=32"}],"curies":[{"name":"wp","href":"https:\/\/api.w.org\/{rel}","templated":true}]}}