{"id":175,"date":"2018-10-22T13:47:22","date_gmt":"2018-10-22T13:47:22","guid":{"rendered":"https:\/\/stumilowylas.edu.pl\/?page_id=175"},"modified":"2018-10-23T09:21:34","modified_gmt":"2018-10-23T09:21:34","slug":"polityka-ciasteczek","status":"publish","type":"page","link":"https:\/\/stumilowylas.edu.pl\/index.php\/polityka-ciasteczek\/","title":{"rendered":"Polityka ciasteczek"},"content":{"rendered":"<div class='grid_row clearfix'><div class='grid_col grid_col_12'><div class='ce clearfix'><div>\n<p>Polityka ciasteczek<br \/>Co to s\u0105 pliki cookies i jakie s\u0105 tutaj wykorzystane?<\/p>\n<p>Pliki cookies to\u00a0niewielkie informacje tekstowe, wysy\u0142ane przez serwer www i\u00a0zapisywane na\u00a0twoim komputerze (b\u0105d\u017a innym urz\u0105dzeniu, z\u00a0kt\u00f3rego korzystasz).\u00a0Serwisy wykorzystuje pliki cookies w\u00a0celu rozpoznawania twoich\u00a0osobistych preferencji oraz\u00a0informacji o\u00a0logowaniu. Innymi s\u0142owy pliki cookies umo\u017cliwiaj\u0105 dost\u0119p do\u00a0niekt\u00f3rych funkcji serwisu.\u00a0Serwis umo\u017cliwia korzystanie z\u00a0plik\u00f3w cookies podmiotom trzecim (np.\u00a0Google) w\u00a0celach statystycznych.<\/p>\n<p>Mo\u017cesz zadecydowa\u0107, czy chcesz, aby pliki cookies by\u0142y zapisywane na\u00a0twoim urz\u0105dzeniu. Mo\u017cesz dezaktywowa\u0107 lub ca\u0142kowicie wy\u0142\u0105czy\u0107 pliki cookies w\u00a0opcjach swojej przegl\u0105darki internetowej.\u00a0Zwr\u00f3\u0107 uwag\u0119, \u017ce\u00a0wy\u0142\u0105czenie plik\u00f3w cookies mo\u017ce jednak spowodowa\u0107, \u017ce\u00a0nie b\u0119dziesz m\u00f3g\u0142 w\u00a0pe\u0142ni korzysta\u0107 z\u00a0opcji serwisu.<\/p>\n<\/div><\/div><\/div><\/div>\n","protected":false},"excerpt":{"rendered":"","protected":false},"author":1,"featured_media":0,"parent":0,"menu_order":0,"comment_status":"closed","ping_status":"closed","template":"","meta":{"footnotes":""},"class_list":["post-175","page","type-page","status-publish","hentry"],"_links":{"self":[{"href":"https:\/\/stumilowylas.edu.pl\/index.php\/wp-json\/wp\/v2\/pages\/175","targetHints":{"allow":["GET"]}}],"collection":[{"href":"https:\/\/stumilowylas.edu.pl\/index.php\/wp-json\/wp\/v2\/pages"}],"about":[{"href":"https:\/\/stumilowylas.edu.pl\/index.php\/wp-json\/wp\/v2\/types\/page"}],"author":[{"embeddable":true,"href":"https:\/\/stumilowylas.edu.pl\/index.php\/wp-json\/wp\/v2\/users\/1"}],"replies":[{"embeddable":true,"href":"https:\/\/stumilowylas.edu.pl\/index.php\/wp-json\/wp\/v2\/comments?post=175"}],"version-history":[{"count":2,"href":"https:\/\/stumilowylas.edu.pl\/index.php\/wp-json\/wp\/v2\/pages\/175\/revisions"}],"predecessor-version":[{"id":275,"href":"https:\/\/stumilowylas.edu.pl\/index.php\/wp-json\/wp\/v2\/pages\/175\/revisions\/275"}],"wp:attachment":[{"href":"https:\/\/stumilowylas.edu.pl\/index.php\/wp-json\/wp\/v2\/media?parent=175"}],"curies":[{"name":"wp","href":"https:\/\/api.w.org\/{rel}","templated":true}]}}